{"id":3,"date":"2022-07-20T09:15:52","date_gmt":"2022-07-20T09:15:52","guid":{"rendered":"https:\/\/startersites.io\/elementor\/home-decor\/?page_id=3"},"modified":"2026-03-31T04:20:49","modified_gmt":"2026-03-31T04:20:49","slug":"politica-de-privacidad","status":"publish","type":"page","link":"https:\/\/khushi.com.gt\/index.php\/politica-de-privacidad\/","title":{"rendered":"POL\u00cdTICA DE PRIVACIDAD"},"content":{"rendered":"\n<blockquote class=\"wp-block-quote is-layout-flow wp-block-quote-is-layout-flow\">\n<p>En Khushi valoramos tu privacidad y nos comprometemos a proteger la informaci\u00f3n personal que nos proporcionas.<\/p>\n<\/blockquote>\n\n\n\n<p>Recopilamos informaci\u00f3n como nombre, correo electr\u00f3nico, direcci\u00f3n y datos de contacto cuando realizas una compra o te comunicas con nosotros. Esta informaci\u00f3n es utilizada \u00fanicamente para procesar pedidos, brindar atenci\u00f3n al cliente y mejorar tu experiencia en nuestro sitio.<\/p>\n\n\n\n<p>No compartimos, vendemos ni distribuimos tu informaci\u00f3n personal a terceros, excepto cuando sea necesario para completar procesos como env\u00edos o cumplimiento de obligaciones legales.<\/p>\n\n\n\n<p>Implementamos medidas de seguridad para proteger tus datos y garantizar su confidencialidad.<\/p>\n\n\n\n<p>Al utilizar nuestro sitio web, aceptas esta pol\u00edtica de privacidad.<\/p>\n\n\n\n<p><\/p>\n","protected":false},"excerpt":{"rendered":"<p>En Khushi valoramos tu privacidad y nos comprometemos a proteger la informaci\u00f3n personal que nos proporcionas. Recopilamos informaci\u00f3n como nombre, correo electr\u00f3nico, direcci\u00f3n y datos de contacto cuando realizas una compra o te comunicas con nosotros. Esta informaci\u00f3n es utilizada \u00fanicamente para procesar pedidos, brindar atenci\u00f3n al cliente y mejorar tu experiencia en nuestro sitio. [&hellip;]<\/p>\n","protected":false},"author":1,"featured_media":0,"parent":0,"menu_order":0,"comment_status":"closed","ping_status":"closed","template":"","meta":{"footnotes":""},"class_list":["post-3","page","type-page","status-publish","hentry"],"blocksy_meta":[],"_links":{"self":[{"href":"https:\/\/khushi.com.gt\/index.php\/wp-json\/wp\/v2\/pages\/3","targetHints":{"allow":["GET"]}}],"collection":[{"href":"https:\/\/khushi.com.gt\/index.php\/wp-json\/wp\/v2\/pages"}],"about":[{"href":"https:\/\/khushi.com.gt\/index.php\/wp-json\/wp\/v2\/types\/page"}],"author":[{"embeddable":true,"href":"https:\/\/khushi.com.gt\/index.php\/wp-json\/wp\/v2\/users\/1"}],"replies":[{"embeddable":true,"href":"https:\/\/khushi.com.gt\/index.php\/wp-json\/wp\/v2\/comments?post=3"}],"version-history":[{"count":2,"href":"https:\/\/khushi.com.gt\/index.php\/wp-json\/wp\/v2\/pages\/3\/revisions"}],"predecessor-version":[{"id":1272,"href":"https:\/\/khushi.com.gt\/index.php\/wp-json\/wp\/v2\/pages\/3\/revisions\/1272"}],"wp:attachment":[{"href":"https:\/\/khushi.com.gt\/index.php\/wp-json\/wp\/v2\/media?parent=3"}],"curies":[{"name":"wp","href":"https:\/\/api.w.org\/{rel}","templated":true}]}}