{"id":1016,"date":"2022-03-02T09:54:53","date_gmt":"2022-03-02T09:54:53","guid":{"rendered":"https:\/\/startersites.io\/blocksy\/home-decor\/?page_id=3"},"modified":"2026-03-31T04:20:22","modified_gmt":"2026-03-31T04:20:22","slug":"politica-de-reembolsos","status":"publish","type":"page","link":"https:\/\/khushi.com.gt\/index.php\/politica-de-reembolsos\/","title":{"rendered":"POL\u00cdTICA DE REEMBOLSOS"},"content":{"rendered":"\n<blockquote class=\"wp-block-quote is-layout-flow wp-block-quote-is-layout-flow\">\n<p>En Khushi queremos que est\u00e9s satisfecho con tu compra.<\/p>\n<\/blockquote>\n\n\n\n<p>Si recibes un producto en mal estado o incorrecto, puedes solicitar un cambio o reembolso dentro de los <strong>7 d\u00edas<\/strong> posteriores a la entrega.<\/p>\n\n\n\n<p>Condiciones:<\/p>\n\n\n\n<ul class=\"wp-block-list\">\n<li>El producto debe estar sin uso y en su empaque original<\/li>\n\n\n\n<li>Debes presentar comprobante de compra<\/li>\n\n\n\n<li>Aplican restricciones seg\u00fan el tipo de producto<\/li>\n<\/ul>\n\n\n\n<p>Los reembolsos se procesar\u00e1n una vez verificado el producto y podr\u00e1n tardar algunos d\u00edas dependiendo del m\u00e9todo de pago.<\/p>\n\n\n\n<p>No aplican reembolsos en productos da\u00f1ados por mal uso o instalaci\u00f3n incorrecta.<\/p>\n\n\n\n<p>Para gestionar tu solicitud, cont\u00e1ctanos a trav\u00e9s de nuestros canales de atenci\u00f3n.<\/p>\n\n\n\n<p><\/p>\n","protected":false},"excerpt":{"rendered":"<p>En Khushi queremos que est\u00e9s satisfecho con tu compra. Si recibes un producto en mal estado o incorrecto, puedes solicitar un cambio o reembolso dentro de los 7 d\u00edas posteriores a la entrega. Condiciones: Los reembolsos se procesar\u00e1n una vez verificado el producto y podr\u00e1n tardar algunos d\u00edas dependiendo del m\u00e9todo de pago. No aplican [&hellip;]<\/p>\n","protected":false},"author":1,"featured_media":0,"parent":0,"menu_order":0,"comment_status":"closed","ping_status":"closed","template":"","meta":{"footnotes":""},"class_list":["post-1016","page","type-page","status-publish","hentry"],"blocksy_meta":[],"_links":{"self":[{"href":"https:\/\/khushi.com.gt\/index.php\/wp-json\/wp\/v2\/pages\/1016","targetHints":{"allow":["GET"]}}],"collection":[{"href":"https:\/\/khushi.com.gt\/index.php\/wp-json\/wp\/v2\/pages"}],"about":[{"href":"https:\/\/khushi.com.gt\/index.php\/wp-json\/wp\/v2\/types\/page"}],"author":[{"embeddable":true,"href":"https:\/\/khushi.com.gt\/index.php\/wp-json\/wp\/v2\/users\/1"}],"replies":[{"embeddable":true,"href":"https:\/\/khushi.com.gt\/index.php\/wp-json\/wp\/v2\/comments?post=1016"}],"version-history":[{"count":3,"href":"https:\/\/khushi.com.gt\/index.php\/wp-json\/wp\/v2\/pages\/1016\/revisions"}],"predecessor-version":[{"id":1271,"href":"https:\/\/khushi.com.gt\/index.php\/wp-json\/wp\/v2\/pages\/1016\/revisions\/1271"}],"wp:attachment":[{"href":"https:\/\/khushi.com.gt\/index.php\/wp-json\/wp\/v2\/media?parent=1016"}],"curies":[{"name":"wp","href":"https:\/\/api.w.org\/{rel}","templated":true}]}}